{"id":1424,"date":"2024-10-28T15:59:00","date_gmt":"2024-10-28T14:59:00","guid":{"rendered":"https:\/\/aviza.webeta.be\/politique-en-matiere-de-cookies-2\/"},"modified":"2025-12-15T10:05:55","modified_gmt":"2025-12-15T09:05:55","slug":"politique-en-matiere-de-cookies","status":"publish","type":"page","link":"https:\/\/aviza.be\/fr\/politique-en-matiere-de-cookies\/","title":{"rendered":"Politique en mati\u00e8re de cookies"},"content":{"rendered":"<p>[et_pb_section fb_built=\u00a0\u00bb1&Prime; custom_padding_last_edited=\u00a0\u00bbon|phone\u00a0\u00bb _builder_version=\u00a0\u00bb4.27.0&Prime; _module_preset=\u00a0\u00bbdefault\u00a0\u00bb custom_padding=\u00a0\u00bb30px||30px||true|false\u00a0\u00bb custom_padding_tablet=\u00a0\u00bb20px||20px||true|false\u00a0\u00bb custom_padding_phone=\u00a0\u00bb10px||10px||true|false\u00a0\u00bb global_module=\u00a0\u00bb746&Prime; global_colors_info=\u00a0\u00bb{}\u00a0\u00bb][et_pb_row _builder_version=\u00a0\u00bb4.27.0&Prime; _module_preset=\u00a0\u00bbdefault\u00a0\u00bb global_colors_info=\u00a0\u00bb{}\u00a0\u00bb][et_pb_column type=\u00a0\u00bb4_4&Prime; _builder_version=\u00a0\u00bb4.27.0&Prime; _module_preset=\u00a0\u00bbdefault\u00a0\u00bb global_colors_info=\u00a0\u00bb{}\u00a0\u00bb][dsm_breadcrumbs home_text=\u00a0\u00bbAccueil\u00a0\u00bb show_home_icon=\u00a0\u00bboff\u00a0\u00bb _builder_version=\u00a0\u00bb4.27.2&Prime; _module_preset=\u00a0\u00bbdefault\u00a0\u00bb items_font=\u00a0\u00bbfibra-regular||||||||\u00a0\u00bb items_text_color=\u00a0\u00bb#2c2b29&Prime; items_font_size=\u00a0\u00bb14px\u00a0\u00bb separators_text_color=\u00a0\u00bb#ff0000&Prime; separators_font_size=\u00a0\u00bb18px\u00a0\u00bb current_font=\u00a0\u00bbfibra-regular||||||||\u00a0\u00bb current_text_color=\u00a0\u00bb#ff0000&Prime; current_font_size=\u00a0\u00bb14px\u00a0\u00bb custom_padding=\u00a0\u00bb|5%||5%|false|true\u00a0\u00bb custom_padding_tablet=\u00a0\u00bb|0%||0%|false|true\u00a0\u00bb custom_padding_phone=\u00a0\u00bb|0%||0%|false|true\u00a0\u00bb custom_padding_last_edited=\u00a0\u00bbon|phone\u00a0\u00bb global_colors_info=\u00a0\u00bb{}\u00a0\u00bb][\/dsm_breadcrumbs][\/et_pb_column][\/et_pb_row][\/et_pb_section][et_pb_section fb_built=\u00a0\u00bb1&Prime; _builder_version=\u00a0\u00bb4.27.0&Prime; _module_preset=\u00a0\u00bbdefault\u00a0\u00bb custom_padding=\u00a0\u00bb0px|||||\u00a0\u00bb global_colors_info=\u00a0\u00bb{}\u00a0\u00bb][et_pb_row _builder_version=\u00a0\u00bb4.27.0&Prime; _module_preset=\u00a0\u00bbdefault\u00a0\u00bb custom_padding=\u00a0\u00bb0px|||||\u00a0\u00bb global_colors_info=\u00a0\u00bb{}\u00a0\u00bb][et_pb_column type=\u00a0\u00bb4_4&Prime; _builder_version=\u00a0\u00bb4.27.0&Prime; _module_preset=\u00a0\u00bbdefault\u00a0\u00bb global_colors_info=\u00a0\u00bb{}\u00a0\u00bb][et_pb_text _builder_version=\u00a0\u00bb4.27.4&Prime; _module_preset=\u00a0\u00bbdefault\u00a0\u00bb link_font=\u00a0\u00bb||||on||||\u00a0\u00bb header_line_height=\u00a0\u00bb1.3em\u00a0\u00bb hover_enabled=\u00a0\u00bb0&Prime; global_colors_info=\u00a0\u00bb{}\u00a0\u00bb sticky_enabled=\u00a0\u00bb0&Prime;]<\/p>\n<h1>Politique en mati\u00e8re de cookies<\/h1>\n<p><strong>Que sont les cookies&nbsp;?<\/strong><\/p>\n<p>Comme presque tous les sites web professionnels, ce site utilise des cookies. Il s\u2019agit de petits fichiers texte qui sont t\u00e9l\u00e9charg\u00e9s sur votre ordinateur ou votre appareil mobile afin d\u2019am\u00e9liorer votre exp\u00e9rience de navigation.<br \/>\nCette page d\u00e9crit les informations qu\u2019ils collectent, la mani\u00e8re dont nous les utilisons et pourquoi nous devons parfois stocker certains cookies. Nous expliquons \u00e9galement comment vous pouvez g\u00e9rer ou limiter ces cookies, en gardant \u00e0 l\u2019esprit que cela peut r\u00e9duire, voire d\u00e9sactiver, certaines fonctionnalit\u00e9s du site (formulaires, simulateurs, s\u00e9curit\u00e9, etc.).<\/p>\n<p>Pour des informations plus g\u00e9n\u00e9rales sur les cookies, vous pouvez consulter l\u2019article de Wikipedia sur les cookies HTTP.<\/p>\n<p><strong>Quels types de cookies utilisons-nous&nbsp;?<\/strong><\/p>\n<p>Nous utilisons diff\u00e9rents types de cookies, regroup\u00e9s en plusieurs cat\u00e9gories&nbsp;:<\/p>\n<ul>\n<li><strong>Cookies strictement n\u00e9cessaires<\/strong> : cookies techniques indispensables au fonctionnement du site (par exemple pour l\u2019envoi de formulaires, le maintien de votre session, l\u2019enregistrement de vos pr\u00e9f\u00e9rences de cookies, la s\u00e9curit\u00e9 des simulateurs et la protection contre les abus ou les tentatives automatis\u00e9es d\u2019acc\u00e8s).<\/li>\n<li><strong>Cookies fonctionnels<\/strong> : cookies qui m\u00e9morisent vos choix (langue, informations d\u00e9j\u00e0 compl\u00e9t\u00e9es, pr\u00e9f\u00e9rences d\u2019affichage) afin de rendre votre visite plus fluide et personnalis\u00e9e.<\/li>\n<li><strong>Cookies analytiques \/ statistiques<\/strong> : cookies qui nous aident \u00e0 comprendre comment le site est utilis\u00e9 (pages consult\u00e9es, dur\u00e9e des visites, type d\u2019appareil, parcours de navigation, etc.), afin d\u2019am\u00e9liorer en continu nos contenus, nos formulaires et nos services. Ces donn\u00e9es peuvent \u00eatre visualis\u00e9es dans des tableaux de bord de mesure (par exemple via des solutions d\u2019analyse ou de reporting de type Google Analytics ou Looker Studio).<\/li>\n<li><strong>Cookies marketing et de mesure d\u2019audience publicitaire<\/strong> : cookies utilis\u00e9s dans le cadre de campagnes publicitaires (par exemple via Google Ads) pour mesurer l\u2019efficacit\u00e9 de nos annonces, conna\u00eetre les interactions avec nos simulateurs et, dans certains cas, enregistrer des conversions dites \u00ab&nbsp;offline&nbsp;\u00bb lorsque vous consultez ou confirmez une offre apr\u00e8s avoir cliqu\u00e9 sur une publicit\u00e9.<\/li>\n<\/ul>\n<p><strong>Comment utilisons-nous les cookies&nbsp;?<\/strong><\/p>\n<p>Nous utilisons les cookies notamment pour&nbsp;:<\/p>\n<ul>\n<li>Assurer le fonctionnement de base du site et de ses formulaires (envoi s\u00e9curis\u00e9, validation de certaines donn\u00e9es, maintien de sessions techniques, etc.).<\/li>\n<li>Prot\u00e9ger nos formulaires et nos outils contre les utilisations abusives ou automatis\u00e9es (par exemple&nbsp;: d\u00e9tection de comportements anormaux, blocage de tentatives de \u00ab&nbsp;price scraping&nbsp;\u00bb consistant \u00e0 interroger massivement notre simulateur de prix).<\/li>\n<li>G\u00e9rer certains flux li\u00e9s \u00e0 la v\u00e9rification d\u2019e-mail ou \u00e0 la relance d\u2019une offre que vous avez pr\u00e9alablement demand\u00e9e, lorsque ces processus reposent sur des m\u00e9canismes techniques impliquant des cookies.<\/li>\n<li>\u00c9tablir des statistiques de fr\u00e9quentation et analyser l\u2019utilisation du site, de mani\u00e8re agr\u00e9g\u00e9e, afin d\u2019am\u00e9liorer l\u2019ergonomie, le contenu et la performance globale de nos services en ligne.<\/li>\n<li>Mesurer et optimiser nos campagnes publicitaires en ligne&nbsp;: par exemple, lorsque vous arrivez sur notre site via une annonce Google Ads, certains cookies peuvent enregistrer un identifiant publicitaire (comme la valeur gclid\/wbraid\/gbraid). Si, par la suite, vous consultez une offre, recevez une proposition personnalis\u00e9e ou confirmez un contrat, nous pouvons remonter cette action de mani\u00e8re pseudonymis\u00e9e vers la plateforme publicitaire afin de mesurer l\u2019efficacit\u00e9 de la campagne (conversions \u00ab&nbsp;online&nbsp;\u00bb ou \u00ab&nbsp;offline&nbsp;\u00bb), et ce dans le respect de la r\u00e9glementation applicable et de vos pr\u00e9f\u00e9rences de cookies.<\/li>\n<\/ul>\n<p>Dans la plupart des cas, il n\u2019existe pas d\u2019option standard pour d\u00e9sactiver certains cookies sans alt\u00e9rer fortement la fonctionnalit\u00e9 qu\u2019ils apportent. Si vous n\u2019\u00eates pas s\u00fbr de l\u2019utilit\u00e9 d\u2019un cookie, il est g\u00e9n\u00e9ralement pr\u00e9f\u00e9rable de le laisser activ\u00e9, en particulier lorsqu\u2019il est n\u00e9cessaire au bon fonctionnement ou \u00e0 la s\u00e9curit\u00e9 de nos formulaires et simulateurs.<\/p>\n<p><strong>Gestion et d\u00e9sactivation des cookies<\/strong><\/p>\n<p>Lors de votre premi\u00e8re visite sur notre site, un bandeau d\u2019information relatif aux cookies vous permet d\u2019accepter ou de refuser certaines cat\u00e9gories de cookies (hors cookies strictement n\u00e9cessaires). Vous pouvez \u00e0 tout moment revenir sur vos choix via le centre de pr\u00e9f\u00e9rences ou le lien pr\u00e9vu \u00e0 cet effet sur le site.<\/p>\n<p>Vous pouvez \u00e9galement emp\u00eacher l\u2019installation de cookies en modifiant les param\u00e8tres de votre navigateur (consultez la rubrique Aide de votre navigateur pour plus d\u2019informations). Veuillez noter que la d\u00e9sactivation totale de certains cookies peut affecter consid\u00e9rablement le fonctionnement de ce site et d\u2019autres sites que vous visitez, en particulier pour les \u00e9l\u00e9ments qui s\u2019appuient sur une connexion s\u00e9curis\u00e9e, des formulaires complexes ou des simulateurs de primes.<\/p>\n<p><strong>Les cookies que nous utilisons<\/strong><\/p>\n<ul>\n<li><strong>Cookies li\u00e9s aux newsletters et \u00e0 l\u2019e-mail<\/strong> : lorsque le site propose un abonnement \u00e0 une newsletter ou des communications par e-mail, des cookies peuvent \u00eatre utilis\u00e9s pour m\u00e9moriser le fait que vous \u00eates d\u00e9j\u00e0 inscrit(e) ou pour afficher certaines notifications r\u00e9serv\u00e9es aux abonn\u00e9s ou non-abonn\u00e9s. Dans certains cas, des m\u00e9canismes techniques de v\u00e9rification d\u2019adresse e-mail ou de suivi de la bonne d\u00e9livrabilit\u00e9 peuvent \u00e9galement s\u2019appuyer sur des cookies techniques.<\/li>\n<li><strong>Cookies li\u00e9s aux formulaires<\/strong> : lorsque vous soumettez des donn\u00e9es via un formulaire (formulaire de contact, demande d\u2019offre, simulateur, etc.), des cookies peuvent \u00eatre plac\u00e9s pour m\u00e9moriser temporairement certaines informations, s\u00e9curiser l\u2019envoi, \u00e9viter des soumissions multiples et faciliter une \u00e9ventuelle relance de votre dossier ou de votre offre.<\/li>\n<li><strong>Cookies techniques et de s\u00e9curit\u00e9<\/strong> : ces cookies contribuent \u00e0 la stabilit\u00e9 et \u00e0 l\u2019int\u00e9grit\u00e9 de nos simulateurs et outils en ligne. Ils peuvent par exemple servir \u00e0 d\u00e9tecter un volume anormal de requ\u00eates sur notre simulateur de primes, \u00e0 limiter certains comportements automatis\u00e9s et \u00e0 prot\u00e9ger nos syst\u00e8mes contre la fraude ou le d\u00e9tournement de nos services.<\/li>\n<li><strong>Cookies de tiers<\/strong> : dans certains cas, nous utilisons \u00e9galement des cookies plac\u00e9s par des prestataires de confiance. Les principales cat\u00e9gories de cookies tiers sont d\u00e9crites ci-dessous.<\/li>\n<\/ul>\n<p><strong>Google Analytics et autres outils d\u2019analyse<\/strong><\/p>\n<p>Ce site utilise Google Analytics, l\u2019un des outils d\u2019analyse les plus r\u00e9pandus sur Internet, afin de nous aider \u00e0 comprendre comment vous utilisez le site et comment nous pouvons am\u00e9liorer votre exp\u00e9rience.<br \/>\nCes cookies peuvent enregistrer des informations telles que la dur\u00e9e de visite, les pages consult\u00e9es ou le type d\u2019appareil utilis\u00e9, afin que nous puissions continuer \u00e0 produire un contenu pertinent et utile.<\/p>\n<p>Les cookies analytiques ne sont activ\u00e9s que si vous y avez consenti via le bandeau cookies. Lorsque cela est possible, les donn\u00e9es collect\u00e9es sont agr\u00e9g\u00e9es et\/ou pseudonymis\u00e9es (par exemple via la r\u00e9duction des adresses IP).<\/p>\n<p>Les donn\u00e9es issues de ces cookies peuvent \u00e9galement \u00eatre utilis\u00e9es dans des solutions de reporting et de visualisation (par exemple des tableaux de bord de type Looker Studio) afin de suivre les performances de notre site et de nos campagnes.<\/p>\n<p><strong>Google Ads et mesure (offline) des conversions<\/strong><\/p>\n<p>Dans le cadre de nos campagnes publicitaires, des cookies et identifiants publicitaires (tels que gclid, wbraid ou gbraid) peuvent \u00eatre plac\u00e9s par Google Ads.<br \/>\nCes identifiants nous permettent de savoir quelles campagnes ont g\u00e9n\u00e9r\u00e9 des visites sur notre site, des demandes d\u2019offres ou des confirmations de contrats. Certaines de ces actions peuvent \u00eatre remont\u00e9es aupr\u00e8s de Google Ads comme \u00ab&nbsp;conversions&nbsp;\u00bb ou \u00ab&nbsp;conversions offline&nbsp;\u00bb afin de mesurer et optimiser nos campagnes.<br \/>\nLes informations transmises restent limit\u00e9es aux \u00e9l\u00e9ments n\u00e9cessaires \u00e0 la mesure de performance (par exemple&nbsp;: identifiant publicitaire, type d\u2019action, date et heure de la conversion) et ne sont jamais utilis\u00e9es par Aviza Insurance SRL pour vous profiler individuellement en dehors de ce cadre, ni pour vous vendre des donn\u00e9es \u00e0 des tiers.<\/p>\n<p><strong>Cookies de r\u00e9seaux sociaux<\/strong><\/p>\n<p>Nous utilisons sur ce site des boutons et\/ou des plug-ins de r\u00e9seaux sociaux qui vous permettent d\u2019interagir avec nos contenus ou de suivre nos pages (par exemple Facebook et Instagram). Pour fonctionner, ces services peuvent placer des cookies via notre site afin d\u2019am\u00e9liorer votre profil sur leur propre plateforme ou d\u2019alimenter leurs propres statistiques et publicit\u00e9s, conform\u00e9ment \u00e0 leurs politiques de confidentialit\u00e9 respectives.<\/p>\n<p><strong>reCAPTCHA et solutions de s\u00e9curit\u00e9<\/strong><\/p>\n<p>Certains formulaires de ce site peuvent \u00eatre prot\u00e9g\u00e9s par Google reCAPTCHA ou des solutions similaires, afin d\u2019\u00e9viter qu\u2019ils ne soient utilis\u00e9s par des robots ou des scripts automatis\u00e9s. Dans ce cas, des cookies et d\u2019autres donn\u00e9es techniques (comme l\u2019adresse IP, la configuration de votre navigateur ou certains mouvements de souris) peuvent \u00eatre trait\u00e9s pour d\u00e9terminer si une requ\u00eate provient d\u2019un utilisateur humain.<br \/>\nCes services sont soumis \u00e0 la <a href=\"https:\/\/policies.google.com\/privacy\" target=\"_blank\" rel=\"noopener\">politique de confidentialit\u00e9<\/a> et aux <a href=\"https:\/\/policies.google.com\/terms\" target=\"_blank\" rel=\"noopener\">conditions d\u2019utilisation<\/a> de Google.<\/p>\n<p><strong>Informations compl\u00e9mentaires<\/strong><\/p>\n<p>Nous esp\u00e9rons avoir r\u00e9pondu de mani\u00e8re claire \u00e0 vos questions concernant notre utilisation des cookies. Comme mentionn\u00e9 plus haut, si vous avez un doute sur l\u2019utilit\u00e9 d\u2019un cookie, il est g\u00e9n\u00e9ralement plus s\u00fbr de le laisser activ\u00e9, en particulier lorsqu\u2019il est n\u00e9cessaire au bon fonctionnement des formulaires, simulateurs et m\u00e9canismes de s\u00e9curit\u00e9 du site.<\/p>\n<p>Si vous souhaitez obtenir des informations compl\u00e9mentaires sur notre politique en mati\u00e8re de cookies ou sur la mani\u00e8re dont nous utilisons ces technologies, vous pouvez nous contacter \u00e0 l\u2019adresse suivante&nbsp;:<br \/>\n<a href=\"mailto:info@aviza.be\">info@aviza.be<\/a>.<\/p>\n<p>Ce site est prot\u00e9g\u00e9 par reCAPTCHA et la <a href=\"https:\/\/policies.google.com\/privacy\" target=\"_blank\" rel=\"noopener\">politique de confidentialit\u00e9<\/a> de Google ainsi que les <a href=\"https:\/\/policies.google.com\/terms\" target=\"_blank\" rel=\"noopener\">conditions d&rsquo;utilisation<\/a> s&rsquo;appliquent.<br \/>\n[\/et_pb_text][\/et_pb_column][\/et_pb_row][\/et_pb_section]<\/p>\n","protected":false},"excerpt":{"rendered":"<p><div class=\"et_pb_module dsm_breadcrumbs dsm_breadcrumbs_0\">\n\t\t\t\t\n\t\t\t\t\n\t\t\t\t\n\t\t\t\t\n\t\t\t\t\n\t\t\t\t\n\t\t\t\t<div class=\"et_pb_module_inner\">\n\t\t\t\t\t<nav class=\"dsm_breadcrumbs_wrap\">\n\t\t\t\t<ul class=\"dsm_breadcrumbs\" itemscope itemtype=\"https:\/\/schema.org\/BreadcrumbList\">\t\t\t<li class=\"dsm_breadcrumbs_item dsm_home_item dsm_home_item_custom\" itemprop=\"itemListElement\" itemscope\n\t\t\titemtype=\"https:\/\/schema.org\/ListItem\">\n\t\t\t\t<a href=\"https:\/\/aviza.be\/fr\/\" itemprop=\"item\" target=\"\">\n\t\t\t\t\t<span class='dsm_home_text_wrapper'>\n\t\t\t\t\t\t\t\t\t\t\t\t\t<span class=\"dsm_home_text\" itemprop=\"name\">\n\t\t\t\t\t\t\t\tAccueil\t\t\t\t\t\t\t<\/span>\n\t\t\t\t\t<\/span>\n\t\t\t\t<\/a>\n\t\t\t\t<meta itemprop=\"position\" content=\"1\" \/>\n\t\t\t<\/li>\n\n\t\t<li class=\"dsm_breadcrumbs_separator\"> <span class=\"et-pb-icon dsm_separator_icon\">5<\/span><\/li><\/ul>\n\t\t\t<\/nav>\n\t\t\t\t<\/div>\n\t\t\t<\/div>Politique en mati\u00e8re de cookies Que sont les cookies&nbsp;? Comme presque tous les sites web professionnels, ce site utilise des cookies. Il s\u2019agit de petits fichiers texte qui sont t\u00e9l\u00e9charg\u00e9s sur votre ordinateur ou votre appareil mobile afin d\u2019am\u00e9liorer votre exp\u00e9rience de navigation. Cette page d\u00e9crit les informations qu\u2019ils collectent, la mani\u00e8re dont nous les utilisons et pourquoi nous devons parfois stocker certains cookies. Nous expliquons \u00e9galement comment vous pouvez g\u00e9rer ou limiter ces cookies, en gardant \u00e0 l\u2019esprit que cela peut r\u00e9duire, voire d\u00e9sactiver, certaines fonctionnalit\u00e9s du site (formulaires, simulateurs, s\u00e9curit\u00e9, etc.). Pour des informations plus g\u00e9n\u00e9rales sur les cookies, vous pouvez consulter l\u2019article de Wikipedia sur les cookies HTTP. Quels types de cookies utilisons-nous&nbsp;? Nous utilisons diff\u00e9rents types de cookies, regroup\u00e9s en plusieurs cat\u00e9gories&nbsp;: Cookies strictement n\u00e9cessaires : cookies techniques indispensables au fonctionnement du site (par exemple pour l\u2019envoi de formulaires, le maintien de votre session, l\u2019enregistrement de vos pr\u00e9f\u00e9rences de cookies, la s\u00e9curit\u00e9 des simulateurs et la protection contre les abus ou les tentatives automatis\u00e9es d\u2019acc\u00e8s). Cookies fonctionnels : cookies qui m\u00e9morisent vos choix (langue, informations d\u00e9j\u00e0 compl\u00e9t\u00e9es, pr\u00e9f\u00e9rences d\u2019affichage) [&hellip;]<\/p>\n","protected":false},"author":1,"featured_media":0,"parent":0,"menu_order":0,"comment_status":"closed","ping_status":"closed","template":"","meta":{"_et_pb_use_builder":"on","_et_pb_old_content":"","_et_gb_content_width":"","footnotes":""},"class_list":["post-1424","page","type-page","status-publish","hentry"],"_links":{"self":[{"href":"https:\/\/aviza.be\/fr\/wp-json\/wp\/v2\/pages\/1424","targetHints":{"allow":["GET"]}}],"collection":[{"href":"https:\/\/aviza.be\/fr\/wp-json\/wp\/v2\/pages"}],"about":[{"href":"https:\/\/aviza.be\/fr\/wp-json\/wp\/v2\/types\/page"}],"author":[{"embeddable":true,"href":"https:\/\/aviza.be\/fr\/wp-json\/wp\/v2\/users\/1"}],"replies":[{"embeddable":true,"href":"https:\/\/aviza.be\/fr\/wp-json\/wp\/v2\/comments?post=1424"}],"version-history":[{"count":4,"href":"https:\/\/aviza.be\/fr\/wp-json\/wp\/v2\/pages\/1424\/revisions"}],"predecessor-version":[{"id":3911,"href":"https:\/\/aviza.be\/fr\/wp-json\/wp\/v2\/pages\/1424\/revisions\/3911"}],"wp:attachment":[{"href":"https:\/\/aviza.be\/fr\/wp-json\/wp\/v2\/media?parent=1424"}],"curies":[{"name":"wp","href":"https:\/\/api.w.org\/{rel}","templated":true}]}}