{"id":1415,"date":"2024-10-28T15:50:55","date_gmt":"2024-10-28T14:50:55","guid":{"rendered":"https:\/\/aviza.webeta.be\/clause-de-non-responsabilite-2\/"},"modified":"2025-12-15T09:14:06","modified_gmt":"2025-12-15T08:14:06","slug":"clause-de-non-responsabilite","status":"publish","type":"page","link":"https:\/\/aviza.be\/fr\/clause-de-non-responsabilite\/","title":{"rendered":"Clause de non-responsabilit\u00e9"},"content":{"rendered":"<p>[et_pb_section fb_built=\u00a0\u00bb1&Prime; custom_padding_last_edited=\u00a0\u00bbon|phone\u00a0\u00bb _builder_version=\u00a0\u00bb4.27.0&Prime; _module_preset=\u00a0\u00bbdefault\u00a0\u00bb custom_padding=\u00a0\u00bb30px||30px||true|false\u00a0\u00bb custom_padding_tablet=\u00a0\u00bb20px||20px||true|false\u00a0\u00bb custom_padding_phone=\u00a0\u00bb10px||10px||true|false\u00a0\u00bb global_module=\u00a0\u00bb746&Prime; global_colors_info=\u00a0\u00bb{}\u00a0\u00bb][et_pb_row _builder_version=\u00a0\u00bb4.27.0&Prime; _module_preset=\u00a0\u00bbdefault\u00a0\u00bb global_colors_info=\u00a0\u00bb{}\u00a0\u00bb][et_pb_column type=\u00a0\u00bb4_4&Prime; _builder_version=\u00a0\u00bb4.27.0&Prime; _module_preset=\u00a0\u00bbdefault\u00a0\u00bb global_colors_info=\u00a0\u00bb{}\u00a0\u00bb][dsm_breadcrumbs home_text=\u00a0\u00bbAccueil\u00a0\u00bb show_home_icon=\u00a0\u00bboff\u00a0\u00bb _builder_version=\u00a0\u00bb4.27.2&Prime; _module_preset=\u00a0\u00bbdefault\u00a0\u00bb items_font=\u00a0\u00bbfibra-regular||||||||\u00a0\u00bb items_text_color=\u00a0\u00bb#2c2b29&Prime; items_font_size=\u00a0\u00bb14px\u00a0\u00bb separators_text_color=\u00a0\u00bb#ff0000&Prime; separators_font_size=\u00a0\u00bb18px\u00a0\u00bb current_font=\u00a0\u00bbfibra-regular||||||||\u00a0\u00bb current_text_color=\u00a0\u00bb#ff0000&Prime; current_font_size=\u00a0\u00bb14px\u00a0\u00bb custom_padding=\u00a0\u00bb|5%||5%|false|true\u00a0\u00bb custom_padding_tablet=\u00a0\u00bb|0%||0%|false|true\u00a0\u00bb custom_padding_phone=\u00a0\u00bb|0%||0%|false|true\u00a0\u00bb custom_padding_last_edited=\u00a0\u00bbon|phone\u00a0\u00bb global_colors_info=\u00a0\u00bb{}\u00a0\u00bb][\/dsm_breadcrumbs][\/et_pb_column][\/et_pb_row][\/et_pb_section][et_pb_section fb_built=\u00a0\u00bb1&Prime; _builder_version=\u00a0\u00bb4.27.0&Prime; _module_preset=\u00a0\u00bbdefault\u00a0\u00bb custom_padding=\u00a0\u00bb0px|||||\u00a0\u00bb global_colors_info=\u00a0\u00bb{}\u00a0\u00bb][et_pb_row _builder_version=\u00a0\u00bb4.27.0&Prime; _module_preset=\u00a0\u00bbdefault\u00a0\u00bb custom_padding=\u00a0\u00bb0px|||||\u00a0\u00bb global_colors_info=\u00a0\u00bb{}\u00a0\u00bb][et_pb_column type=\u00a0\u00bb4_4&Prime; _builder_version=\u00a0\u00bb4.27.0&Prime; _module_preset=\u00a0\u00bbdefault\u00a0\u00bb global_colors_info=\u00a0\u00bb{}\u00a0\u00bb][et_pb_text _builder_version=\u00a0\u00bb4.27.4&Prime; _module_preset=\u00a0\u00bbdefault\u00a0\u00bb link_font=\u00a0\u00bb||||on||||\u00a0\u00bb header_line_height=\u00a0\u00bb1.3em\u00a0\u00bb hover_enabled=\u00a0\u00bb0&Prime; global_colors_info=\u00a0\u00bb{}\u00a0\u00bb sticky_enabled=\u00a0\u00bb0&Prime;]<\/p>\n<h1>Clause de non-responsabilit\u00e9<\/h1>\n<p>Ce site web est mis \u00e0 disposition par Aviza Insurance SRL, dont le si\u00e8ge social est \u00e9tabli \u00e0 Koninklijkelaan 74, 2600 Berchem, en Belgique, sous le num\u00e9ro d\u2019entreprise BE 0648.788.557, RPM Anvers, joignable par t\u00e9l\u00e9phone au <a href=\"tel:+3238464897\">+ 32 3 846 48 97<\/a> et par e-mail \u00e0 l\u2019adresse <a href=\"mailto:info@aviza.be\">[info@aviza.be](mailto:info@aviza.be)<\/a>.<\/p>\n<p><strong>Champ d\u2019application<\/strong><\/p>\n<p>La pr\u00e9sente clause de non-responsabilit\u00e9 s\u2019applique \u00e0 l\u2019ensemble des sites web et applications mobiles d\u2019Aviza Insurance SRL, sauf si des conditions sp\u00e9cifiques s\u2019appliquent \u00e0 un site web ou une application particuli\u00e8re, auquel cas ces conditions sp\u00e9cifiques pr\u00e9valent.<\/p>\n<p>Le chapitre \u00ab R\u00e9seaux sociaux \u00bb ne s\u2019applique qu\u2019aux sites web repris dans des plateformes de r\u00e9seaux sociaux.<\/p>\n<p>Toute utilisation d\u2019un site web ou d\u2019une application, y compris la simple navigation sur les pages, implique que vous acceptez sans r\u00e9serve la pr\u00e9sente clause de non-responsabilit\u00e9. Sauf disposition l\u00e9gale contraire, cette clause de non-responsabilit\u00e9 peut \u00eatre modifi\u00e9e par simple publication sur le site web ou par notification dans une application.<\/p>\n<p>La pr\u00e9sente clause de non-responsabilit\u00e9 est soumise au droit belge. Tout litige d\u00e9coulant de ou en relation avec celle-ci sera soumis \u00e0 la comp\u00e9tence exclusive des tribunaux d\u2019Anvers. Les conditions particuli\u00e8res relatives \u00e0 certains sites web, applications ou services peuvent contenir des dispositions diff\u00e9rentes, qui, le cas \u00e9ch\u00e9ant, pr\u00e9valent.<\/p>\n<p><strong>Droits intellectuels<\/strong><\/p>\n<p>Les sites web et les applications, ainsi que leur contenu \u2013 notamment les textes, images, \u00e9l\u00e9ments graphiques, fichiers sonores, animations, vid\u00e9os, structures de donn\u00e9es et bases de donn\u00e9es \u00e9ventuelles \u2013 sont prot\u00e9g\u00e9s par le droit d\u2019auteur et l\u2019ensemble des r\u00e9glementations applicables en mati\u00e8re de propri\u00e9t\u00e9 intellectuelle au sens large.<\/p>\n<p>Aviza Insurance SRL se r\u00e9serve tous les droits de propri\u00e9t\u00e9 intellectuelle et les droits sui generis sur les sites web et les applications, sur l\u2019ensemble des \u00e9l\u00e9ments qui y sont repris ainsi que sur les \u00e9ventuelles bases de donn\u00e9es.<\/p>\n<p>Toute reproduction, diffusion, mise \u00e0 disposition du public et\/ou r\u00e9utilisation, sous quelque forme que ce soit, totale ou partielle, temporaire ou permanente, des sites ou applications, ou de tout \u00e9l\u00e9ment relevant de la propri\u00e9t\u00e9 intellectuelle d\u2019Aviza Insurance SRL, est strictement interdite sans l\u2019accord pr\u00e9alable et \u00e9crit d\u2019Aviza Insurance SRL.<\/p>\n<p>Toute demande d\u2019information et\/ou d\u2019autorisation relative \u00e0 un ou plusieurs \u00e9l\u00e9ments de propri\u00e9t\u00e9 intellectuelle des sites ou applications doit \u00eatre adress\u00e9e \u00e0 Aviza Insurance SRL.<\/p>\n<p>Les sites web et les applications peuvent \u00e9galement contenir des \u00e9l\u00e9ments qui sont enti\u00e8rement ou partiellement la propri\u00e9t\u00e9 intellectuelle de tiers. Les m\u00eames r\u00e8gles s\u2019appliquent mutatis mutandis \u00e0 ces \u00e9l\u00e9ments.<\/p>\n<p><strong>Conditions g\u00e9n\u00e9rales de vente<\/strong><\/p>\n<p>Toute demande d\u2019information ou de documentation via les sites web ou toute utilisation d\u2019une application entra\u00eene automatiquement l\u2019acceptation pleine et enti\u00e8re de la pr\u00e9sente clause de non-responsabilit\u00e9.<\/p>\n<p>Les services fournis par Aviza Insurance SRL sont en outre soumis aux conditions particuli\u00e8res propres \u00e0 ces services, qui priment sur la pr\u00e9sente clause de non-responsabilit\u00e9 en cas de contradiction.<\/p>\n<p>La mise en ligne de documents et\/ou d\u2019informations n\u2019implique en aucun cas le transfert de droits de propri\u00e9t\u00e9 intellectuelle \u00e0 votre profit. Ces documents et informations restent la propri\u00e9t\u00e9 intellectuelle exclusive d\u2019Aviza Insurance SRL.<\/p>\n<p>Toute violation des droits d\u2019Aviza Insurance SRL, notamment des droits de propri\u00e9t\u00e9 intellectuelle, peut donner lieu \u00e0 des poursuites judiciaires ou autres par les entit\u00e9s concern\u00e9es ou par les autorit\u00e9s comp\u00e9tentes.<\/p>\n<p><strong>R\u00e9seaux sociaux<\/strong><\/p>\n<p>Un certain nombre de sites web font partie de sites web tiers (r\u00e9seaux sociaux tels que Facebook ou Linkedin). Lors de l\u2019utilisation de ces sites, les conditions g\u00e9n\u00e9rales des plateformes de r\u00e9seaux sociaux doivent \u00e9galement \u00eatre respect\u00e9es.<\/p>\n<p>Les r\u00e9seaux sociaux sont des sites interactifs. Aviza Insurance SRL n\u2019a pas toujours le contr\u00f4le du contenu publi\u00e9 par des tiers sur ces sites. Aviza Insurance SRL n\u2019accepte aucune responsabilit\u00e9 pour le contenu affich\u00e9 par des tiers sur les sites en question.<\/p>\n<p><strong>Clause de non-responsabilit\u00e9<\/strong><\/p>\n<p>Les sites web et les applications ont \u00e9t\u00e9 \u00e9labor\u00e9s avec le plus grand soin et Aviza Insurance SRL met en \u0153uvre tous les efforts raisonnables pour s\u2019assurer que les informations qu\u2019ils contiennent sont correctes et \u00e0 jour.<\/p>\n<p>Les sites web et les applications sont mis \u00e0 votre disposition \u00e0 des fins purement informatives. Aviza Insurance SRL rappelle que les informations figurant sur les sites ou dans les applications sont susceptibles d\u2019\u00e9voluer et vous recommande de toujours v\u00e9rifier l\u2019applicabilit\u00e9, l\u2019exactitude et l\u2019actualit\u00e9 des informations. Ces informations ne remplacent en aucun cas un avis juridique ou un accompagnement professionnel personnalis\u00e9.<\/p>\n<p><strong>Utilisation du site et usages interdits<\/strong><\/p>\n<p>Les outils en ligne, formulaires et simulateurs disponibles sur ce site sont destin\u00e9s \u00e0 un usage normal par les visiteurs particuliers ou professionnels. Il est interdit d\u2019utiliser le site pour des consultations automatis\u00e9es, un scraping syst\u00e9matique de nos tarifs, des simulations massives ou tout autre usage ayant pour but principal de reproduire, collecter ou comparer nos grilles de prix ou nos m\u00e9thodes de calcul. Aviza Insurance SRL se r\u00e9serve le droit de surveiller techniquement l\u2019utilisation du site (par exemple via des journaux techniques indiquant la date et l\u2019heure de la requ\u00eate, le navigateur utilis\u00e9, les pages consult\u00e9es et les \u00e9ventuelles erreurs), de mettre en place des m\u00e9canismes d\u2019anti-scraping, de limiter le nombre de demandes, de bloquer certaines adresses IP ou certains comptes en cas d\u2019abus et, le cas \u00e9ch\u00e9ant, de prendre les mesures techniques ou juridiques appropri\u00e9es. Les donn\u00e9es techniques collect\u00e9es dans ce cadre sont trait\u00e9es conform\u00e9ment \u00e0 notre Politique de confidentialit\u00e9 et \u00e0 notre Politique en mati\u00e8re de cookies.<\/p>\n<p><strong>Simulations, calculs de primes et offres<\/strong><\/p>\n<p>Les r\u00e9sultats obtenus au moyen des simulateurs de primes, formulaires de demande en ligne ou offres provisoires que vous recevez (par exemple par e-mail ou via un espace s\u00e9curis\u00e9) sont fournis \u00e0 titre purement indicatif. Ils se basent sur les informations que vous communiquez et sur nos bar\u00e8mes en vigueur, susceptibles d\u2019\u00eatre adapt\u00e9s. La prime d\u00e9finitive, les conditions contractuelles et l\u2019acceptation du risque restent soumises \u00e0 l\u2019analyse compl\u00e8te de votre dossier, \u00e0 nos crit\u00e8res internes d\u2019acceptation et \u00e0 la validation finale par Aviza Insurance SRL. Seuls les documents contractuels d\u00e9finitifs (proposition d\u2019assurance, conditions particuli\u00e8res et g\u00e9n\u00e9rales, \u00e9ventuels avenants) ont valeur juridique et engagent Aviza Insurance SRL. Aucune r\u00e9clamation ne peut \u00eatre fond\u00e9e exclusivement sur le r\u00e9sultat d\u2019une simulation, sur un aper\u00e7u de prime ou sur l\u2019affichage d\u2019une offre sur \u00e9cran.<\/p>\n<p>Dans les limites autoris\u00e9es par la loi, Aviza Insurance SRL ne peut en aucun cas \u00eatre tenue responsable de tout dommage direct ou indirect, de quelque nature ou port\u00e9e que ce soit, caus\u00e9 par la consultation ou, plus g\u00e9n\u00e9ralement, par toute utilisation des sites web ou des applications et, en particulier, des informations qui y sont contenues.<\/p>\n<p>De mani\u00e8re g\u00e9n\u00e9rale, Aviza Insurance SRL ne peut \u00eatre tenue responsable de l\u2019utilisation des documents fournis sur les sites web ou via les applications. Elle ne peut ni contr\u00f4ler ni influencer la mani\u00e8re dont ces documents seront utilis\u00e9s et d\u00e9cline, par cons\u00e9quent, toute responsabilit\u00e9 pour les pertes de revenus, d\u2019opportunit\u00e9s, d\u2019exploitation, de profits ou pour les dommages directs ou indirects de toute nature caus\u00e9s par ou en relation avec l\u2019utilisation de ces documents. Aucune r\u00e9clamation contre Aviza Insurance SRL ne pourra \u00eatre prise en consid\u00e9ration \u00e0 ce titre.<\/p>\n<p>Les sites web et les applications contiennent des hyperliens vers d\u2019autres sites ainsi que des r\u00e9f\u00e9rences \u00e0 d\u2019autres sources d\u2019information. Ces liens et sources d\u2019information sont mis \u00e0 votre disposition \u00e0 titre informatif et n\u2019impliquent aucune approbation, soutien ou affiliation d\u2019Aviza Insurance SRL \u00e0 l\u2019\u00e9gard de ces sites et sources. Aviza Insurance SRL ne contr\u00f4le pas ces sites ni leur contenu et n\u2019offre aucune garantie quant aux informations qu\u2019ils contiennent et\/ou \u00e0 leur pr\u00e9sentation.<\/p>\n<p>Aviza Insurance SRL d\u00e9cline toute responsabilit\u00e9 pour tout dommage pouvant r\u00e9sulter de la consultation d\u2019informations sur d\u2019autres sites ou, de mani\u00e8re g\u00e9n\u00e9rale, dans toute autre source d\u2019information \u00e0 laquelle les sites ou applications renvoient, quelle qu\u2019en soit la nature, l\u2019\u00e9tendue, la cause et\/ou les cons\u00e9quences.<\/p>\n<p>[\/et_pb_text][\/et_pb_column][\/et_pb_row][\/et_pb_section]<\/p>\n","protected":false},"excerpt":{"rendered":"<p><div class=\"et_pb_module dsm_breadcrumbs dsm_breadcrumbs_0\">\n\t\t\t\t\n\t\t\t\t\n\t\t\t\t\n\t\t\t\t\n\t\t\t\t\n\t\t\t\t\n\t\t\t\t<div class=\"et_pb_module_inner\">\n\t\t\t\t\t<nav class=\"dsm_breadcrumbs_wrap\">\n\t\t\t\t<ul class=\"dsm_breadcrumbs\" itemscope itemtype=\"https:\/\/schema.org\/BreadcrumbList\">\t\t\t<li class=\"dsm_breadcrumbs_item dsm_home_item dsm_home_item_custom\" itemprop=\"itemListElement\" itemscope\n\t\t\titemtype=\"https:\/\/schema.org\/ListItem\">\n\t\t\t\t<a href=\"https:\/\/aviza.be\/fr\/\" itemprop=\"item\" target=\"\">\n\t\t\t\t\t<span class='dsm_home_text_wrapper'>\n\t\t\t\t\t\t\t\t\t\t\t\t\t<span class=\"dsm_home_text\" itemprop=\"name\">\n\t\t\t\t\t\t\t\tAccueil\t\t\t\t\t\t\t<\/span>\n\t\t\t\t\t<\/span>\n\t\t\t\t<\/a>\n\t\t\t\t<meta itemprop=\"position\" content=\"1\" \/>\n\t\t\t<\/li>\n\n\t\t<li class=\"dsm_breadcrumbs_separator\"> <span class=\"et-pb-icon dsm_separator_icon\">5<\/span><\/li><\/ul>\n\t\t\t<\/nav>\n\t\t\t\t<\/div>\n\t\t\t<\/div>Clause de non-responsabilit\u00e9 Ce site web est mis \u00e0 disposition par Aviza Insurance SRL, dont le si\u00e8ge social est \u00e9tabli \u00e0 Koninklijkelaan 74, 2600 Berchem, en Belgique, sous le num\u00e9ro d\u2019entreprise BE 0648.788.557, RPM Anvers, joignable par t\u00e9l\u00e9phone au + 32 3 846 48 97 et par e-mail \u00e0 l\u2019adresse [info@aviza.be](mailto:info@aviza.be). Champ d\u2019application La pr\u00e9sente clause de non-responsabilit\u00e9 s\u2019applique \u00e0 l\u2019ensemble des sites web et applications mobiles d\u2019Aviza Insurance SRL, sauf si des conditions sp\u00e9cifiques s\u2019appliquent \u00e0 un site web ou une application particuli\u00e8re, auquel cas ces conditions sp\u00e9cifiques pr\u00e9valent. Le chapitre \u00ab R\u00e9seaux sociaux \u00bb ne s\u2019applique qu\u2019aux sites web repris dans des plateformes de r\u00e9seaux sociaux. Toute utilisation d\u2019un site web ou d\u2019une application, y compris la simple navigation sur les pages, implique que vous acceptez sans r\u00e9serve la pr\u00e9sente clause de non-responsabilit\u00e9. Sauf disposition l\u00e9gale contraire, cette clause de non-responsabilit\u00e9 peut \u00eatre modifi\u00e9e par simple publication sur le site web ou par notification dans une application. La pr\u00e9sente clause de non-responsabilit\u00e9 est soumise au droit belge. Tout litige d\u00e9coulant de ou en relation avec celle-ci sera soumis \u00e0 la comp\u00e9tence [&hellip;]<\/p>\n","protected":false},"author":1,"featured_media":0,"parent":0,"menu_order":0,"comment_status":"closed","ping_status":"closed","template":"","meta":{"_et_pb_use_builder":"on","_et_pb_old_content":"","_et_gb_content_width":"","footnotes":""},"class_list":["post-1415","page","type-page","status-publish","hentry"],"_links":{"self":[{"href":"https:\/\/aviza.be\/fr\/wp-json\/wp\/v2\/pages\/1415","targetHints":{"allow":["GET"]}}],"collection":[{"href":"https:\/\/aviza.be\/fr\/wp-json\/wp\/v2\/pages"}],"about":[{"href":"https:\/\/aviza.be\/fr\/wp-json\/wp\/v2\/types\/page"}],"author":[{"embeddable":true,"href":"https:\/\/aviza.be\/fr\/wp-json\/wp\/v2\/users\/1"}],"replies":[{"embeddable":true,"href":"https:\/\/aviza.be\/fr\/wp-json\/wp\/v2\/comments?post=1415"}],"version-history":[{"count":4,"href":"https:\/\/aviza.be\/fr\/wp-json\/wp\/v2\/pages\/1415\/revisions"}],"predecessor-version":[{"id":3907,"href":"https:\/\/aviza.be\/fr\/wp-json\/wp\/v2\/pages\/1415\/revisions\/3907"}],"wp:attachment":[{"href":"https:\/\/aviza.be\/fr\/wp-json\/wp\/v2\/media?parent=1415"}],"curies":[{"name":"wp","href":"https:\/\/api.w.org\/{rel}","templated":true}]}}